{"id":2402,"date":"2024-04-26T11:48:59","date_gmt":"2024-04-26T09:48:59","guid":{"rendered":"https:\/\/financiahg.es\/?page_id=2402"},"modified":"2024-04-26T11:49:01","modified_gmt":"2024-04-26T09:49:01","slug":"politica-de-privacidad","status":"publish","type":"page","link":"https:\/\/financiahg.es\/en\/politica-de-privacidad\/","title":{"rendered":"Privacy Policy"},"content":{"rendered":"<h2 class=\"wp-block-heading\">Who we are<\/h2>\n\n\n\n<p>PRIVACY POLICY<\/p>\n\n\n\n<p>In accordance with the provisions of the General Data Protection Regulation (EU), by accepting this Privacy Policy you give your informed, express, free and unequivocal consent for the personal data you provide through the website to be processed\u00a0<a href=\"https:\/\/financiahg.es\/en\/\">https:\/\/www.financiahg.es<\/a><strong>\u00a0<\/strong>(hereinafter WEBSITE) be included in a file of \u201cWEB USERS AND SUBSCRIBERS\u201d as well as \u201cCLIENTS AND\/OR SUPPLIERS\u201d:<\/p>\n\n\n\n<ul class=\"wp-block-list\">\n<li>The company name is: Financia HG SL.<\/li>\n\n\n\n<li>CIF is 74864940D<\/li>\n\n\n\n<li>Address: Calle Castillo del Ingl\u00e9s, Torremolinos, M\u00e1laga.<\/li>\n\n\n\n<li>Email: contacto@financiahg.es<\/li>\n\n\n\n<li>Activity: mortgage consulting.<\/li>\n<\/ul>\n\n\n\n<p>This Privacy Policy will only apply to personal data obtained on the Website, and will not apply to information collected by third parties on other websites, even if they are linked to the Website.<\/p>\n\n\n\n<p>With this, I express my commitment to maintaining and guaranteeing commercial relationships in a secure manner by protecting personal data and ensuring the right to privacy of each of the users of our website.<\/p>\n\n\n\n<ol class=\"wp-block-list\">\n<li>WHAT IS PERSONAL DATA?<\/li>\n<\/ol>\n\n\n\n<p>A brief explanation is important, therefore you should know that it would be any information relating to a person that you provide when you visit our website, in our case name and email, and if you buy any product requiring an invoice, we will request full address, name, surnames and ID or CIF.<\/p>\n\n\n\n<p>Additionally, when you visit our website, certain information is automatically stored for technical reasons, such as the IP address assigned by your Internet service provider.<\/p>\n\n\n\n<ul class=\"wp-block-list\">\n<li><strong>PRINCIPLES FOR DATA PROCESSING<\/strong><\/li>\n<\/ul>\n\n\n\n<p>To process your personal data, I will apply the following principles in accordance with the GDPR:<\/p>\n\n\n\n<ul class=\"wp-block-list\">\n<li><strong>Principle of legality, fairness and transparency:\u00a0<\/strong>I will always require your consent to process your personal data for one or more specific purposes, which I will inform you of beforehand with absolute transparency.<\/li>\n\n\n\n<li><strong>Principle of data minimization:\u00a0<\/strong>I will only request data that is strictly necessary in relation to the purposes for which I require it.<\/li>\n\n\n\n<li><strong>Principle of limitation of the storage period:\u00a0<\/strong>As you will see later, the data will be kept for the time strictly necessary for the purposes of the processing, depending on the purpose, I will inform you of the corresponding retention period, in the case of subscriptions, I will periodically review my lists and delete those records that have been inactive for a considerable time.<\/li>\n\n\n\n<li><strong>Principle of integrity and confidentiality:\u00a0<\/strong>Your data will be processed in a way that ensures adequate security and confidentiality of your personal data. Please be aware that I take all necessary measures to prevent unauthorized access to or misuse of my users&#039; data by third parties.<\/li>\n<\/ul>\n\n\n\n<ol class=\"wp-block-list\" start=\"2\">\n<li>PURPOSE, LEGAL BASIS, CATEGORY OF DATA COLLECTED, CONSENT TO PROCESSING, MINORS.<\/li>\n<\/ol>\n\n\n\n<p><strong>2.1 PURPOSE<\/strong><\/p>\n\n\n\n<p>As stated in the regulations, the USER is informed that, through contact forms or subscriptions, data is collected and stored in a file, for the sole purpose of sending electronic communications, such as: newsletters (<em>newsletters<\/em>), new entries ( )<em>posts<\/em>), commercial offers, free webinars, as well as other communications that\u00a0<strong><a href=\"https:\/\/financiahg.es\/en\/\" target=\"_blank\" rel=\"noreferrer noopener nofollow\">https:\/\/www.financiahg.es<\/a><\/strong>  We believe this information is of interest to our users. Fields marked as mandatory are essential to fulfill the stated purpose.<\/p>\n\n\n\n<p>It will also be able to fulfill, through the data, the requirements requested by the USERS.<\/p>\n\n\n\n<p>Ultimately, the PURPOSE is the following:<\/p>\n\n\n\n<ul class=\"wp-block-list\">\n<li>Selling training on how to comply with the law.<\/li>\n\n\n\n<li>The sale of ebooks<\/li>\n\n\n\n<li>Manage the list of subscribers and users enrolled in the course.<\/li>\n\n\n\n<li>Blog content delivery<\/li>\n\n\n\n<li>Manage your network of affiliates and merchants, as well as their payment processing.<\/li>\n<\/ul>\n\n\n\n<p>Only the owner will have access to their data, and under no circumstances will this data be given, shared, transferred, or sold to any third party.<\/p>\n\n\n\n<p>Acceptance of the privacy policy,&nbsp;<strong><em>through the established double opt-in procedure<\/em><\/strong><em>,&nbsp;<\/em>This will be understood for all purposes as the provision of the USER&#039;S EXPRESS AND UNEQUIVOCAL CONSENT to the processing of personal data under the terms set out in this document, as well as to the international transfer of data that occurs, exclusively due to the physical location of the facilities of the service providers and data processors.<\/p>\n\n\n\n<p>Under no circumstances will the data be used for any purpose other than that for which it was collected, nor will it be given to a third party.<\/p>\n\n\n\n<p><strong>2.2 MINORS<\/strong><\/p>\n\n\n\n<p>If you are over fourteen years old, you can register at\u00a0<a href=\"https:\/\/financiahg.es\/en\/\" target=\"_blank\" rel=\"noreferrer noopener nofollow\">https:\/\/www.financiahg.es<\/a>\u00a0without the need for prior consent from your parents or guardians.<\/p>\n\n\n\n<p>What happens if you are under 14 years old?<\/p>\n\n\n\n<p>In this case, the consent of your parents or guardians will be mandatory for us to process your personal data.<\/p>\n\n\n\n<p>Warning: If you are under fourteen years old and have not obtained parental consent, you cannot register on the website and we will deny your application if we become aware of this.<\/p>\n\n\n\n<p><strong>2.3 LEGITIMACY<\/strong><\/p>\n\n\n\n<p>Thanks to&nbsp;<strong><u>consent<\/u><\/strong>, We can process your data as it is a mandatory requirement to be able to subscribe to the website.<\/p>\n\n\n\n<p>As you know, you can withdraw your consent at any time.<\/p>\n\n\n\n<p><strong>2.4 DATA CATEGORY<\/strong><\/p>\n\n\n\n<p>The data collected is not specially protected at any time, but is categorized as&nbsp;<strong><u>identifying data.<\/u><\/strong><\/p>\n\n\n\n<p><strong>2.5 DATA RETENTION TIME<\/strong><\/p>\n\n\n\n<p>I will keep your data for the&nbsp;<strong><u>legally established time<\/u><\/strong>&nbsp;o&nbsp;<strong><u>until you request their removal.<\/u><\/strong><\/p>\n\n\n\n<p><strong>2.6 ACCURACY AND TRUTHFULNESS OF THE DATA<\/strong><\/p>\n\n\n\n<p>Obviously, you are solely responsible for the truthfulness and accuracy of the data you send me, exempting me from any liability in this regard.<\/p>\n\n\n\n<p>As a user, you must guarantee the accuracy and authenticity of the personal data provided, and you must provide complete and correct information in the various data collection forms.<\/p>\n\n\n\n<ol class=\"wp-block-list\" start=\"3\">\n<li>COMPLIANCE WITH APPLICABLE REGULATIONS.-<\/li>\n<\/ol>\n\n\n\n<p><strong>HG finances\u00a0<\/strong>To date, it complies with the guidelines of the General Data Protection Regulation (GDPR) of the European Union, with Organic Law 3\/2018, of December 5, on the Protection of Personal Data and the guarantee of digital rights and the current provisions of Organic Law 15\/1999 of December 13 on the Protection of Personal Data, Royal Decree 1720\/2007 of December 21, which approves the Regulation of development of said Organic Law and other regulations in force and applicable at any given time, ensuring the correct use and processing of the user&#039;s personal data.<\/p>\n\n\n\n<p>In addition,\u00a0<a href=\"https:\/\/financiahg.es\/en\/\">https:\/\/www.financiahg.es<\/a><strong>\u00a0<\/strong>informs that it complies with Law 34\/2002 of July 11, on Information Society Services and Electronic Commerce and will request the USER&#039;s consent for the processing of their email address for commercial purposes at each time.<\/p>\n\n\n\n<p>In compliance with the regulations, we inform you that the data provided, as well as data derived from your browsing, may be stored in the files of<strong>\u00a0financiahg.es\u00a0<\/strong>and processed for the purpose of attending to your request and maintaining the relationship established in the forms you sign.<\/p>\n\n\n\n<p>Additionally, the USER consents to the processing of their data for the purpose of informing them, by any means, including email, about products and services of\u00a0<strong>financiahg.es<\/strong><\/p>\n\n\n\n<p>If you do not authorize the processing of your data for the purpose indicated above, you may exercise your right to object to the processing of your data under the terms and conditions provided below in the section \u201cExercise of Rights\u201d<\/p>\n\n\n\n<ol class=\"wp-block-list\" start=\"4\">\n<li>SECURITY MEASURES<\/li>\n<\/ol>\n\n\n\n<p><strong>financiahg.es\u00a0<\/strong>We inform you that we have implemented the necessary technical and organizational security measures to guarantee the security of your personal data and prevent its alteration, loss, and unauthorized processing and\/or access, taking into account the state of the art, the nature of the data stored, and the risks to which it is exposed, whether arising from human action or the physical or natural environment. All of this is in accordance with the provisions of the GDPR.<\/p>\n\n\n\n<p>In addition,\u00a0<strong>financiahg.es\u00a0<\/strong>\u00a0It has implemented additional measures to reinforce the confidentiality and integrity of information within its organization, continuously monitoring, controlling, and evaluating processes to ensure respect for data privacy.<\/p>\n\n\n\n<p>Likewise, as you can see, the website has an SSL certificate, thus guaranteeing the security of your data.<\/p>\n\n\n\n<ol class=\"wp-block-list\" start=\"5\">\n<li>EXERCISE OF RIGHTS<\/li>\n<\/ol>\n\n\n\n<p>Those individuals who have provided their data through\u00a0<strong>https:\/\/www.financiahg.es\/<\/strong>, They may contact the data controller in order to exercise their rights of access to their data, rectification or deletion, limitation and opposition with respect to the data included in their files, free of charge.<\/p>\n\n\n\n<p>The quickest and easiest way is to access your user account directly and modify your information or delete your account. Any information we are required to store due to a legal or contractual obligation will be blocked and used only for those purposes, rather than being deleted.<\/p>\n\n\n\n<p>The interested party may exercise their rights by sending a written communication to\u00a0<strong>financiahg.es\u00a0<\/strong>with the reference \u201cData Protection\u201d, specifying your details, proving your identity and the reasons for your request at the following address:<\/p>\n\n\n\n<p><a href=\"mailto:contacto@financiahg.es\" target=\"_blank\" rel=\"noreferrer noopener nofollow\">contacto@financiahg.es<\/a><\/p>\n\n\n\n<ol class=\"wp-block-list\" start=\"6\">\n<li>EXTERNAL LINKS<\/li>\n<\/ol>\n\n\n\n<p>As a service to our visitors, our website may include hyperlinks to other sites that are not operated or controlled by the Website<strong>.<\/strong>\u00a0Therefore\u00a0<strong>https:\/\/www.financiahg.es\/\u00a0<\/strong>It does not guarantee, nor is it responsible for, the legality, reliability, usefulness, accuracy, or timeliness of the content of such websites or their privacy practices. Please review the privacy practices of these external websites before providing your personal information.\u00a0<strong>https:\/\/www.financiahg.es\/<\/strong>, Please note that their privacy practices may differ from ours.<\/p>\n\n\n\n<ol class=\"wp-block-list\" start=\"7\">\n<li>PRIVACY POLICY MODIFICATION<\/li>\n<\/ol>\n\n\n\n<p><strong>financiahg.es\u00a0<\/strong>\u00a0It reserves the right to modify its Privacy Policy, according to its own criteria, motivated by a legislative, jurisprudential or doctrinal change of the Spanish Data Protection Agency.<\/p>\n\n\n\n<p>Any changes to the Privacy Policy will be published at least ten days before they take effect. The use of\u00a0<strong>financiahg.es\u00a0<\/strong>\u00a0After these changes, it will imply acceptance of them.<\/p>\n\n\n\n<ol class=\"wp-block-list\" start=\"8\">\n<li>DATA CONTROLLER AND PROCESSORS.<\/li>\n<\/ol>\n\n\n\n<p>The data controller is\u00a0<strong>financiahg.es<\/strong>.<\/p>\n\n\n\n<p>As data processors other than the aforementioned controller<strong>:<\/strong><\/p>\n\n\n\n<p><strong>financiahg.es\u00a0<\/strong>has contracted the services of Raiola Networks.<\/p>\n\n\n\n<p>.<\/p>\n\n\n\n<ol class=\"wp-block-list\" start=\"9\">\n<li>SERVICES OFFERED BY THIRD PARTIES ON THIS WEBSITE.<\/li>\n<\/ol>\n\n\n\n<p>To provide services strictly necessary for the development of my activity,\u00a0<strong>https:\/\/www.financiahg.es\/\u00a0<\/strong>It uses the following providers under their respective privacy policies.<\/p>\n\n\n\n<ul class=\"wp-block-list\">\n<li>Raiola Networks<\/li>\n\n\n\n<li>Privacy of tracking sources used on this site:\u00a0<a href=\"http:\/\/www.google.com\/intl\/es_ALL\/policies\/privacy\/\" rel=\"nofollow noopener\" target=\"_blank\">Google (Analytics)<\/a><\/li>\n<\/ul>\n\n\n\n<p>In\u00a0<strong>https:\/\/www.financiahg.es\/\u00a0<\/strong>We also study our users&#039; preferences, demographics, traffic patterns, and other aggregate information to better understand who our audience is and what they need. Tracking user preferences also helps us show them the most relevant advertisements.<\/p>\n\n\n\n<p>The user, and in general, any natural or legal person, may establish a hyperlink or technical linking device (for example, links or buttons) from their website to\u00a0<strong>https:\/\/www.financiahg.es\/<\/strong>. The establishment of the hyperlink does not imply in any case the existence of relationships between\u00a0<strong>https:\/\/www.financiahg.es\/\u00a0<\/strong>\u00a0and the owner of the site or web page where the Hyperlink is established, nor the acceptance or approval by\u00a0<strong>https:\/\/www.financiahg.es\/\u00a0<\/strong>of its content or services. In any case,\u00a0<strong>https:\/\/www.financiahg.es\/\u00a0<\/strong>reserves the right to prohibit or disable any hyperlink to the website at any time.<\/p>\n\n\n\n<ol class=\"wp-block-list\" start=\"10\">\n<li>DO YOU NOT WISH TO RECEIVE INFORMATION FROM US OR DO YOU WISH TO REVOKE YOUR CONSENT?<\/li>\n<\/ol>\n\n\n\n<p>In accordance with the provisions of Law 34\/20023, of June 11, on Information Society Services and Electronic Commerce, you may object to the use of your information for advertising purposes, market research or the development of satisfaction surveys at any time, as well as revoke your consent at any time (without retroactive effect).<\/p>\n\n\n\n<p>To do this, you must send an email to contacto@greenglobe.es. If you have received advertising by email, you can also opt out from that email by clicking on the link included and following the instructions provided. Alternatively, you can log in to your user account and select the corresponding options.<\/p>\n\n\n\n<p>Please note that our systems may require a period of time that will in no case exceed 48 hours for your objection or revocation to take effect, understanding that during this period of time you may continue to receive messages.<\/p>\n\n\n\n<p>Regarding the management of your data associated with social media profiles<strong>\u00a0financiahg.es,<\/strong>\u00a0The exercise of the right of access will depend on the functionality of the social network and the possibilities of accessing user profile information. Regarding the rights of access and rectification, we advise that these can only be fulfilled in relation to information that is under the control of [the social network\/the platform].\u00a0<strong>financiahg.es.<\/strong><\/p>\n\n\n\n<p>You can also stop interacting with, following, or receiving information from the social media profiles of\u00a0<strong>financiahg.es,<\/strong>\u00a0Remove content that no longer interests you or restrict who you share your connections with, using the mechanisms stipulated in the different social networks.<\/p>\n\n\n\n<p>The user will be able to access the privacy policies of each Social Network, as well as configure their profile to guarantee their privacy.\u00a0<strong>financiahg.es\u00a0<\/strong>\u00a0It encourages users to familiarize themselves with the terms of use of the various social networks before they start using them.<\/p>\n\n\n\n<ul class=\"wp-block-list\">\n<li>Meta Group (Facebook, Instagram and Whatsapp):\u00a0<a href=\"https:\/\/www.facebook.com\/help\/323540651073243\/\" rel=\"nofollow noopener\" target=\"_blank\">https:\/\/www.facebook.com\/help\/323540651073243\/<\/a><\/li>\n\n\n\n<li>X (formerly Twitter):\u00a0<a href=\"https:\/\/twitter.com\/privacy\" rel=\"nofollow noopener\" target=\"_blank\">https:\/\/twitter.com\/privacy<\/a><\/li>\n<\/ul>\n\n\n\n<ol class=\"wp-block-list\" start=\"11\">\n<li><strong>PERSONAL DATA COLLECTION SYSTEMS AND THEIR PURPOSE<\/strong><\/li>\n<\/ol>\n\n\n\n<p><strong>1)<\/strong>&nbsp;<strong>Content subscription forms<\/strong>Within the website there are several forms to activate the subscription managed by Active Campaign for the purpose of sending email marketing campaigns, managing subscriptions and sending newsletters or news.<\/p>\n\n\n\n<p><strong>2) Comments form:<\/strong>&nbsp;The website includes a form for commenting on articles and expressing opinions while respecting freedom of expression. Users can post comments on published posts. Personal data entered in the form to submit these comments will be used exclusively for moderating and publishing them, and this data will be collected and stored on Raiola&#039;s servers.<\/p>\n\n\n\n<p><strong>3) Contact form:<\/strong>&nbsp;There is a contact form for responding to inquiries, suggestions, or professional contacts. In this case, the email address will be used to reply and send the information requested by the user through the website. This data will be stored on Raiola and Active Campaign servers.<\/p>\n\n\n\n<p><strong>4) Cookies:<\/strong>&nbsp;When a user registers or browses this website, &quot;cookies&quot; are stored. The user can consult the cookie policy at any time for more information on the use of cookies and how to disable them.<\/p>\n\n\n\n<p><strong>5) Users can unsubscribe at any time<\/strong>\u00a0of the services provided by\u00a0<strong>https:\/\/www.financiahg.es\/<\/strong>\u00a0directly from the Newsletter via a cancellation form.<\/p>\n\n\n\n<p><strong>6) Tracking systems used on this site:<\/strong>\u00a0Google (Analytics), in\u00a0<strong>https:\/\/www.financiahg.es\/<\/strong>\u00a0We also study our users&#039; preferences, demographics, traffic patterns, and other aggregate information to better understand who our audience is and what they need. Tracking our users&#039; preferences also helps us show them the most relevant advertisements.<\/p>\n\n\n\n<p>I would also like to inform you that I use Facebook Ads to attract subscribers and customers. When creating an ad, the audience can be segmented by location, demographics, interests, etc. Therefore, the data obtained through this platform would be subject to this privacy policy from the moment the user submits their information to join my community&#039;s newsletter.<\/p>\n\n\n\n<p>I will not share, sell, or rent your personal information to other parties. I may share certain information with authorized third-party service providers as necessary to provide you with certain services.<\/p>\n\n\n\n<ol class=\"wp-block-list\" start=\"12\">\n<li>SOCIAL PLUGINS.<\/li>\n<\/ol>\n\n\n\n<p>On our website, we offer links and services related to various social networks (e.g., the Facebook &quot;Like&quot; button). If you are a member of a social network and click on the corresponding link, the social network provider may link your profile data with information about your visit to this website.<\/p>\n\n\n\n<p>Therefore, it is advisable to inform yourself about the functions and policies on the processing of personal data of the respective social network, if you access one of our web pages with one of your social media profiles or share information through them.<\/p>\n\n\n\n<p>You can access the privacy policies of the different social networks at any time, as well as configure your profile to ensure your privacy. We encourage you to familiarize yourself with the terms of use of these social networks before you start using them.<\/p>\n\n\n\n<ul class=\"wp-block-list\">\n<li>Meta Group (Facebook, Instagram and Whatsapp):\u00a0<a href=\"https:\/\/www.facebook.com\/help\/323540651073243\/\" rel=\"nofollow noopener\" target=\"_blank\">https:\/\/www.facebook.com\/help\/323540651073243\/<\/a><\/li>\n\n\n\n<li>X (formerly Twitter):\u00a0<a href=\"https:\/\/twitter.com\/privacy\" rel=\"nofollow noopener\" target=\"_blank\">https:\/\/twitter.com\/privacy<\/a><\/li>\n<\/ul>\n\n\n\n<ol class=\"wp-block-list\" start=\"13\">\n<li>ACCEPTANCE, CONSENT AND REVOCABILITY\u00a0\u00a0\u00a0\u00a0\u00a0\u00a0\u00a0\u00a0\u00a0\u00a0<\/li>\n<\/ol>\n\n\n\n<p>The User declares to have been informed of the conditions regarding the protection of personal data, accepting and consenting to its processing by\u00a0<strong>financiahg.es\u00a0<\/strong>\u00a0in the manner and for the purposes indicated in the legal notice.<\/p>\n\n\n\n<p>As you know and as we have informed you throughout this privacy policy, you may revoke your consent at any time, but always without retroactive effect.<\/p>","protected":false},"excerpt":{"rendered":"<p>Qui\u00e9nes somos POL\u00cdTICA DE PRIVACIDAD De conformidad con lo dispuesto en el Reglamento General (UE) Sobre Protecci\u00f3n de Datos, mediante la aceptaci\u00f3n de la presente Pol\u00edtica de Privacidad prestas tu consentimiento informado, expreso, libre e inequ\u00edvoco para que los datos personales que proporciones a trav\u00e9s de la p\u00e1gina web\u00a0https:\/\/www.financiahg.es\u00a0(en adelante SITIO WEB) sean incluidos en&#8230;<\/p>","protected":false},"author":1,"featured_media":0,"parent":0,"menu_order":0,"comment_status":"closed","ping_status":"closed","template":"","meta":{"_kadence_starter_templates_imported_post":false,"_kad_post_transparent":"","_kad_post_title":"","_kad_post_layout":"","_kad_post_sidebar_id":"","_kad_post_content_style":"","_kad_post_vertical_padding":"","_kad_post_feature":"","_kad_post_feature_position":"","_kad_post_header":false,"_kad_post_footer":false,"_kad_post_classname":"","_joinchat":[],"footnotes":""},"class_list":["post-2402","page","type-page","status-publish","hentry"],"_links":{"self":[{"href":"https:\/\/financiahg.es\/en\/wp-json\/wp\/v2\/pages\/2402","targetHints":{"allow":["GET"]}}],"collection":[{"href":"https:\/\/financiahg.es\/en\/wp-json\/wp\/v2\/pages"}],"about":[{"href":"https:\/\/financiahg.es\/en\/wp-json\/wp\/v2\/types\/page"}],"author":[{"embeddable":true,"href":"https:\/\/financiahg.es\/en\/wp-json\/wp\/v2\/users\/1"}],"replies":[{"embeddable":true,"href":"https:\/\/financiahg.es\/en\/wp-json\/wp\/v2\/comments?post=2402"}],"version-history":[{"count":2,"href":"https:\/\/financiahg.es\/en\/wp-json\/wp\/v2\/pages\/2402\/revisions"}],"predecessor-version":[{"id":2848,"href":"https:\/\/financiahg.es\/en\/wp-json\/wp\/v2\/pages\/2402\/revisions\/2848"}],"wp:attachment":[{"href":"https:\/\/financiahg.es\/en\/wp-json\/wp\/v2\/media?parent=2402"}],"curies":[{"name":"wp","href":"https:\/\/api.w.org\/{rel}","templated":true}]}}